{"id":113,"date":"2021-05-05T14:38:03","date_gmt":"2021-05-05T12:38:03","guid":{"rendered":"http:\/\/lkozlowski.pl\/?page_id=113"},"modified":"2021-05-09T18:07:27","modified_gmt":"2021-05-09T16:07:27","slug":"oferta","status":"publish","type":"page","link":"http:\/\/lkozlowski.pl\/index.php\/oferta\/","title":{"rendered":"Oferta"},"content":{"rendered":"\t\t<div data-elementor-type=\"wp-page\" data-elementor-id=\"113\" class=\"elementor elementor-113\" data-elementor-settings=\"[]\">\n\t\t\t\t\t\t\t<div class=\"elementor-section-wrap\">\n\t\t\t\t\t\t\t<section class=\"elementor-section elementor-top-section elementor-element elementor-element-2d4a111 elementor-section-boxed elementor-section-height-default elementor-section-height-default\" data-id=\"2d4a111\" data-element_type=\"section\">\n\t\t\t\t\t\t<div class=\"elementor-container elementor-column-gap-default\">\n\t\t\t\t\t<div class=\"elementor-column elementor-col-100 elementor-top-column elementor-element elementor-element-bd0519d\" data-id=\"bd0519d\" data-element_type=\"column\">\n\t\t\t<div class=\"elementor-widget-wrap elementor-element-populated\">\n\t\t\t\t\t\t\t\t<div class=\"elementor-element elementor-element-bfe1c05 elementor-widget elementor-widget-text-editor\" data-id=\"bfe1c05\" data-element_type=\"widget\" data-widget_type=\"text-editor.default\">\n\t\t\t\t<div class=\"elementor-widget-container\">\n\t\t\t\t\t\t\t\t<div class=\"single_blog_post_descr\"><div class=\"single_blog_post_title\">Co mo\u017cemy zaoferowa\u0107?<\/div><\/div><div class=\"single_blog_post_img\">\u00a0<\/div><div class=\"single_blog_post_content\"><p><strong>W chwili obecnej wykonujemy specjalistyczne us\u0142ugi transportowo-logistyczne na terenie ca\u0142ej Europy.<\/strong> Nasza siedziba znajduje si\u0119 jednak w Polsce.\u00a0<\/p><p>Na rynku dzia\u0142amy ju\u017c ponad 50 lat na rynku nasze pojazdy ci\u0119\u017carowe mo\u017cna by\u0142o spotka\u0107 w ka\u017cdym kraju Unii Europejskiej, ale od samego pocz\u0105tku wykonujemy r\u00f3wnie\u017c krajowe us\u0142ugi transportowe.<\/p><p>\u015awiadczone przez nas us\u0142ugi transportowo-logistyczne obejmuj\u0105, mi\u0119dzy innymi, kraje, takie jak:<\/p><div class=\"row mapa\"><div class=\"col-md-6\"><ul><li>\u00a0 \u2013 Austria<\/li><li>\u00a0 \u2013 Belgia<\/li><li>\u00a0 \u2013 Bu\u0142garia<\/li><li>\u00a0 \u2013 Chorwacja<\/li><li>\u00a0 \u2013 Cypr<\/li><li>\u00a0 \u2013 Czechy<\/li><li>\u00a0 \u2013 Dania<\/li><li>\u00a0 \u2013 Estonia<\/li><li>\u00a0 \u2013 Finlandia<\/li><li>\u00a0 \u2013 Francja<\/li><li>\u00a0 \u2013 Grecja<\/li><li>\u00a0 \u2013 Hiszpania<\/li><\/ul><\/div><div class=\"col-md-6\"><ul><li>\u00a0 \u2013 Holandia<\/li><li>\u00a0 \u2013 Irlandia<\/li><li>\u00a0 \u2013 Litwa<\/li><li>\u00a0 \u2013 Luksemburg<\/li><li>\u00a0 \u2013 \u0141otwa<\/li><li>\u00a0 \u2013 Malta<\/li><li>\u00a0 \u2013 Niemcy<\/li><li>\u00a0 \u2013 Portugalia<\/li><li>\u00a0 \u2013 Rumunia<\/li><li>\u00a0 \u2013 S\u0142owacja<\/li><li>\u00a0 \u2013 S\u0142owenia<\/li><li>\u00a0 \u2013 Szwecja<\/li><li>\u00a0 \u2013 i W\u0119gry<\/li><\/ul><\/div><\/div><p>Mimo tego jednak stale otwarci jeste\u015bmy na dodatkowy rozw\u00f3j.<\/p><p><strong>Nowy miejsca \u00ad to dla nas szansa na rozw\u00f3j \u00ad \u2013 dlatego ch\u0119tnie je dla Pa\u0144stwa podejmiemy !<\/strong><\/p><\/div>\t\t\t\t\t\t<\/div>\n\t\t\t\t<\/div>\n\t\t\t\t\t<\/div>\n\t\t<\/div>\n\t\t\t\t\t\t\t<\/div>\n\t\t<\/section>\n\t\t\t\t\t\t<\/div>\n\t\t\t\t\t<\/div>\n\t\t","protected":false},"excerpt":{"rendered":"<p>Co mo\u017cemy zaoferowa\u0107?\u00a0 W chwili obecnej wykonujemy specjalistyczne us\u0142ugi transportowo-logistyczne na terenie ca\u0142ej Europy. Nasza siedziba znajduje si\u0119 jednak w Polsce.\u00a0 Na rynku dzia\u0142amy ju\u017c ponad 50 lat na rynku &#8230;<\/p>\n","protected":false},"author":1,"featured_media":0,"parent":0,"menu_order":0,"comment_status":"closed","ping_status":"closed","template":"","meta":{"footnotes":""},"class_list":["post-113","page","type-page","status-publish","hentry"],"_links":{"self":[{"href":"http:\/\/lkozlowski.pl\/index.php\/wp-json\/wp\/v2\/pages\/113","targetHints":{"allow":["GET"]}}],"collection":[{"href":"http:\/\/lkozlowski.pl\/index.php\/wp-json\/wp\/v2\/pages"}],"about":[{"href":"http:\/\/lkozlowski.pl\/index.php\/wp-json\/wp\/v2\/types\/page"}],"author":[{"embeddable":true,"href":"http:\/\/lkozlowski.pl\/index.php\/wp-json\/wp\/v2\/users\/1"}],"replies":[{"embeddable":true,"href":"http:\/\/lkozlowski.pl\/index.php\/wp-json\/wp\/v2\/comments?post=113"}],"version-history":[{"count":2,"href":"http:\/\/lkozlowski.pl\/index.php\/wp-json\/wp\/v2\/pages\/113\/revisions"}],"predecessor-version":[{"id":115,"href":"http:\/\/lkozlowski.pl\/index.php\/wp-json\/wp\/v2\/pages\/113\/revisions\/115"}],"wp:attachment":[{"href":"http:\/\/lkozlowski.pl\/index.php\/wp-json\/wp\/v2\/media?parent=113"}],"curies":[{"name":"wp","href":"https:\/\/api.w.org\/{rel}","templated":true}]}}