{"id":99,"date":"2021-05-05T14:17:29","date_gmt":"2021-05-05T12:17:29","guid":{"rendered":"http:\/\/lkozlowski.pl\/?page_id=99"},"modified":"2021-05-05T14:20:58","modified_gmt":"2021-05-05T12:20:58","slug":"galeria","status":"publish","type":"page","link":"http:\/\/lkozlowski.pl\/index.php\/galeria\/","title":{"rendered":"Galeria"},"content":{"rendered":"\t\t<div data-elementor-type=\"wp-page\" data-elementor-id=\"99\" class=\"elementor elementor-99\" data-elementor-settings=\"[]\">\n\t\t\t\t\t\t\t<div class=\"elementor-section-wrap\">\n\t\t\t\t\t\t\t<section class=\"elementor-section elementor-top-section elementor-element elementor-element-3fc663d elementor-section-boxed elementor-section-height-default elementor-section-height-default\" data-id=\"3fc663d\" data-element_type=\"section\">\n\t\t\t\t\t\t<div class=\"elementor-container elementor-column-gap-default\">\n\t\t\t\t\t<div class=\"elementor-column elementor-col-100 elementor-top-column elementor-element elementor-element-e0e2e91\" data-id=\"e0e2e91\" data-element_type=\"column\">\n\t\t\t<div class=\"elementor-widget-wrap elementor-element-populated\">\n\t\t\t\t\t\t\t\t<div class=\"elementor-element elementor-element-e132405 elementor-widget elementor-widget-text-editor\" data-id=\"e132405\" data-element_type=\"widget\" data-widget_type=\"text-editor.default\">\n\t\t\t\t<div class=\"elementor-widget-container\">\n\t\t\t\t\t\t\t\t<p>GALERIA ZDJ\u0118\u0106<\/p>\t\t\t\t\t\t<\/div>\n\t\t\t\t<\/div>\n\t\t\t\t<div class=\"elementor-element elementor-element-f2c3305 gallery-spacing-custom elementor-invisible elementor-widget elementor-widget-image-gallery\" data-id=\"f2c3305\" data-element_type=\"widget\" data-settings=\"{&quot;_animation&quot;:&quot;fadeIn&quot;}\" data-widget_type=\"image-gallery.default\">\n\t\t\t\t<div class=\"elementor-widget-container\">\n\t\t\t\t\t<div class=\"elementor-image-gallery\">\n\t\t\t<div id='gallery-1' class='gallery galleryid-99 gallery-columns-3 gallery-size-1536x1536'><figure class='gallery-item'>\n\t\t\t<div class='gallery-icon landscape'>\n\t\t\t\t<a data-elementor-open-lightbox=\"no\" href='http:\/\/lkozlowski.pl\/wp-content\/uploads\/2021\/04\/delivery5-scaled-e1619465211680.jpg'><img loading=\"lazy\" decoding=\"async\" width=\"1536\" height=\"610\" src=\"http:\/\/lkozlowski.pl\/wp-content\/uploads\/2021\/04\/delivery5-scaled-e1619465211680-1536x610.jpg\" class=\"attachment-1536x1536 size-1536x1536\" alt=\"\" srcset=\"http:\/\/lkozlowski.pl\/wp-content\/uploads\/2021\/04\/delivery5-scaled-e1619465211680-1536x610.jpg 1536w, http:\/\/lkozlowski.pl\/wp-content\/uploads\/2021\/04\/delivery5-scaled-e1619465211680-300x119.jpg 300w, http:\/\/lkozlowski.pl\/wp-content\/uploads\/2021\/04\/delivery5-scaled-e1619465211680-1024x407.jpg 1024w, http:\/\/lkozlowski.pl\/wp-content\/uploads\/2021\/04\/delivery5-scaled-e1619465211680-768x305.jpg 768w, http:\/\/lkozlowski.pl\/wp-content\/uploads\/2021\/04\/delivery5-scaled-e1619465211680-2048x814.jpg 2048w\" sizes=\"auto, (max-width: 1536px) 100vw, 1536px\" \/><\/a>\n\t\t\t<\/div><\/figure><figure class='gallery-item'>\n\t\t\t<div class='gallery-icon landscape'>\n\t\t\t\t<a data-elementor-open-lightbox=\"no no\" href='http:\/\/lkozlowski.pl\/wp-content\/uploads\/2021\/04\/truck-driver-inspecting-truck-long-vehicle-before-driving-scaled-e1619461814588.jpg'><img loading=\"lazy\" decoding=\"async\" width=\"1536\" height=\"659\" src=\"http:\/\/lkozlowski.pl\/wp-content\/uploads\/2021\/04\/truck-driver-inspecting-truck-long-vehicle-before-driving-scaled-e1619461814588-1536x659.jpg\" class=\"attachment-1536x1536 size-1536x1536\" alt=\"\" aria-describedby=\"gallery-1-38\" srcset=\"http:\/\/lkozlowski.pl\/wp-content\/uploads\/2021\/04\/truck-driver-inspecting-truck-long-vehicle-before-driving-scaled-e1619461814588-1536x659.jpg 1536w, http:\/\/lkozlowski.pl\/wp-content\/uploads\/2021\/04\/truck-driver-inspecting-truck-long-vehicle-before-driving-scaled-e1619461814588-300x129.jpg 300w, http:\/\/lkozlowski.pl\/wp-content\/uploads\/2021\/04\/truck-driver-inspecting-truck-long-vehicle-before-driving-scaled-e1619461814588-1024x440.jpg 1024w, http:\/\/lkozlowski.pl\/wp-content\/uploads\/2021\/04\/truck-driver-inspecting-truck-long-vehicle-before-driving-scaled-e1619461814588-768x330.jpg 768w, http:\/\/lkozlowski.pl\/wp-content\/uploads\/2021\/04\/truck-driver-inspecting-truck-long-vehicle-before-driving-scaled-e1619461814588-2048x879.jpg 2048w\" sizes=\"auto, (max-width: 1536px) 100vw, 1536px\" \/><\/a>\n\t\t\t<\/div>\n\t\t\t\t<figcaption class='wp-caption-text gallery-caption' id='gallery-1-38'>\n\t\t\t\tNowy slajd\n\t\t\t\t<\/figcaption><\/figure><figure class='gallery-item'>\n\t\t\t<div class='gallery-icon landscape'>\n\t\t\t\t<a data-elementor-open-lightbox=\"no no no\" href='http:\/\/lkozlowski.pl\/wp-content\/uploads\/2021\/04\/truck-vehicle-with-trailers-background-scaled-e1619461448439.jpg'><img loading=\"lazy\" decoding=\"async\" width=\"1536\" height=\"660\" src=\"http:\/\/lkozlowski.pl\/wp-content\/uploads\/2021\/04\/truck-vehicle-with-trailers-background-scaled-e1619461448439-1536x660.jpg\" class=\"attachment-1536x1536 size-1536x1536\" alt=\"\" aria-describedby=\"gallery-1-36\" srcset=\"http:\/\/lkozlowski.pl\/wp-content\/uploads\/2021\/04\/truck-vehicle-with-trailers-background-scaled-e1619461448439-1536x660.jpg 1536w, http:\/\/lkozlowski.pl\/wp-content\/uploads\/2021\/04\/truck-vehicle-with-trailers-background-scaled-e1619461448439-300x129.jpg 300w, http:\/\/lkozlowski.pl\/wp-content\/uploads\/2021\/04\/truck-vehicle-with-trailers-background-scaled-e1619461448439-1024x440.jpg 1024w, http:\/\/lkozlowski.pl\/wp-content\/uploads\/2021\/04\/truck-vehicle-with-trailers-background-scaled-e1619461448439-768x330.jpg 768w, http:\/\/lkozlowski.pl\/wp-content\/uploads\/2021\/04\/truck-vehicle-with-trailers-background-scaled-e1619461448439-2048x880.jpg 2048w\" sizes=\"auto, (max-width: 1536px) 100vw, 1536px\" \/><\/a>\n\t\t\t<\/div>\n\t\t\t\t<figcaption class='wp-caption-text gallery-caption' id='gallery-1-36'>\n\t\t\t\tTestowy tytu\u0142 slidera\n\t\t\t\t<\/figcaption><\/figure><figure class='gallery-item'>\n\t\t\t<div class='gallery-icon landscape'>\n\t\t\t\t<a data-elementor-open-lightbox=\"no no no no\" href='http:\/\/lkozlowski.pl\/wp-content\/uploads\/2021\/05\/3d-render-men-loading-trucks-scaled.jpg'><img loading=\"lazy\" decoding=\"async\" width=\"1536\" height=\"700\" src=\"http:\/\/lkozlowski.pl\/wp-content\/uploads\/2021\/05\/3d-render-men-loading-trucks-1536x700.jpg\" class=\"attachment-1536x1536 size-1536x1536\" alt=\"\" aria-describedby=\"gallery-1-101\" srcset=\"http:\/\/lkozlowski.pl\/wp-content\/uploads\/2021\/05\/3d-render-men-loading-trucks-1536x700.jpg 1536w, http:\/\/lkozlowski.pl\/wp-content\/uploads\/2021\/05\/3d-render-men-loading-trucks-300x137.jpg 300w, http:\/\/lkozlowski.pl\/wp-content\/uploads\/2021\/05\/3d-render-men-loading-trucks-1024x467.jpg 1024w, http:\/\/lkozlowski.pl\/wp-content\/uploads\/2021\/05\/3d-render-men-loading-trucks-768x350.jpg 768w, http:\/\/lkozlowski.pl\/wp-content\/uploads\/2021\/05\/3d-render-men-loading-trucks-2048x934.jpg 2048w\" sizes=\"auto, (max-width: 1536px) 100vw, 1536px\" \/><\/a>\n\t\t\t<\/div>\n\t\t\t\t<figcaption class='wp-caption-text gallery-caption' id='gallery-1-101'>\n\t\t\t\t3D Render of Man Driving Fork Lift Truck Isolated on White\n\t\t\t\t<\/figcaption><\/figure><figure class='gallery-item'>\n\t\t\t<div class='gallery-icon landscape'>\n\t\t\t\t<a data-elementor-open-lightbox=\"no no no no no\" href='http:\/\/lkozlowski.pl\/wp-content\/uploads\/2021\/05\/truck-vehicle-with-trailers-background-scaled.jpg'><img loading=\"lazy\" decoding=\"async\" width=\"1536\" height=\"1025\" src=\"http:\/\/lkozlowski.pl\/wp-content\/uploads\/2021\/05\/truck-vehicle-with-trailers-background-1536x1025.jpg\" class=\"attachment-1536x1536 size-1536x1536\" alt=\"\" aria-describedby=\"gallery-1-102\" srcset=\"http:\/\/lkozlowski.pl\/wp-content\/uploads\/2021\/05\/truck-vehicle-with-trailers-background-1536x1025.jpg 1536w, http:\/\/lkozlowski.pl\/wp-content\/uploads\/2021\/05\/truck-vehicle-with-trailers-background-300x200.jpg 300w, http:\/\/lkozlowski.pl\/wp-content\/uploads\/2021\/05\/truck-vehicle-with-trailers-background-1024x683.jpg 1024w, http:\/\/lkozlowski.pl\/wp-content\/uploads\/2021\/05\/truck-vehicle-with-trailers-background-768x513.jpg 768w, http:\/\/lkozlowski.pl\/wp-content\/uploads\/2021\/05\/truck-vehicle-with-trailers-background-2048x1367.jpg 2048w\" sizes=\"auto, (max-width: 1536px) 100vw, 1536px\" \/><\/a>\n\t\t\t<\/div>\n\t\t\t\t<figcaption class='wp-caption-text gallery-caption' id='gallery-1-102'>\n\t\t\t\tTruck vehicle with trailers in background.\n\t\t\t\t<\/figcaption><\/figure><figure class='gallery-item'>\n\t\t\t<div class='gallery-icon landscape'>\n\t\t\t\t<a data-elementor-open-lightbox=\"no no no no no no\" href='http:\/\/lkozlowski.pl\/wp-content\/uploads\/2021\/05\/delivery5-scaled.jpg'><img loading=\"lazy\" decoding=\"async\" width=\"1536\" height=\"768\" src=\"http:\/\/lkozlowski.pl\/wp-content\/uploads\/2021\/05\/delivery5-1536x768.jpg\" class=\"attachment-1536x1536 size-1536x1536\" alt=\"\" srcset=\"http:\/\/lkozlowski.pl\/wp-content\/uploads\/2021\/05\/delivery5-1536x768.jpg 1536w, http:\/\/lkozlowski.pl\/wp-content\/uploads\/2021\/05\/delivery5-300x150.jpg 300w, http:\/\/lkozlowski.pl\/wp-content\/uploads\/2021\/05\/delivery5-1024x512.jpg 1024w, http:\/\/lkozlowski.pl\/wp-content\/uploads\/2021\/05\/delivery5-768x384.jpg 768w, http:\/\/lkozlowski.pl\/wp-content\/uploads\/2021\/05\/delivery5-2048x1024.jpg 2048w\" sizes=\"auto, (max-width: 1536px) 100vw, 1536px\" \/><\/a>\n\t\t\t<\/div><\/figure><figure class='gallery-item'>\n\t\t\t<div class='gallery-icon landscape'>\n\t\t\t\t<a data-elementor-open-lightbox=\"no no no no no no no\" href='http:\/\/lkozlowski.pl\/wp-content\/uploads\/2021\/05\/truck-vehicle-with-trailers-background-1-scaled.jpg'><img loading=\"lazy\" decoding=\"async\" width=\"1536\" height=\"1025\" src=\"http:\/\/lkozlowski.pl\/wp-content\/uploads\/2021\/05\/truck-vehicle-with-trailers-background-1-1536x1025.jpg\" class=\"attachment-1536x1536 size-1536x1536\" alt=\"\" aria-describedby=\"gallery-1-104\" srcset=\"http:\/\/lkozlowski.pl\/wp-content\/uploads\/2021\/05\/truck-vehicle-with-trailers-background-1-1536x1025.jpg 1536w, http:\/\/lkozlowski.pl\/wp-content\/uploads\/2021\/05\/truck-vehicle-with-trailers-background-1-300x200.jpg 300w, http:\/\/lkozlowski.pl\/wp-content\/uploads\/2021\/05\/truck-vehicle-with-trailers-background-1-1024x683.jpg 1024w, http:\/\/lkozlowski.pl\/wp-content\/uploads\/2021\/05\/truck-vehicle-with-trailers-background-1-768x513.jpg 768w, http:\/\/lkozlowski.pl\/wp-content\/uploads\/2021\/05\/truck-vehicle-with-trailers-background-1-2048x1367.jpg 2048w\" sizes=\"auto, (max-width: 1536px) 100vw, 1536px\" \/><\/a>\n\t\t\t<\/div>\n\t\t\t\t<figcaption class='wp-caption-text gallery-caption' id='gallery-1-104'>\n\t\t\t\tTruck vehicle with trailers in background.\n\t\t\t\t<\/figcaption><\/figure><figure class='gallery-item'>\n\t\t\t<div class='gallery-icon landscape'>\n\t\t\t\t<a data-elementor-open-lightbox=\"no no no no no no no no\" href='http:\/\/lkozlowski.pl\/wp-content\/uploads\/2021\/05\/truck-driver-inspecting-truck-long-vehicle-before-driving-scaled.jpg'><img loading=\"lazy\" decoding=\"async\" width=\"1536\" height=\"690\" src=\"http:\/\/lkozlowski.pl\/wp-content\/uploads\/2021\/05\/truck-driver-inspecting-truck-long-vehicle-before-driving-1536x690.jpg\" class=\"attachment-1536x1536 size-1536x1536\" alt=\"\" aria-describedby=\"gallery-1-105\" srcset=\"http:\/\/lkozlowski.pl\/wp-content\/uploads\/2021\/05\/truck-driver-inspecting-truck-long-vehicle-before-driving-1536x690.jpg 1536w, http:\/\/lkozlowski.pl\/wp-content\/uploads\/2021\/05\/truck-driver-inspecting-truck-long-vehicle-before-driving-300x135.jpg 300w, http:\/\/lkozlowski.pl\/wp-content\/uploads\/2021\/05\/truck-driver-inspecting-truck-long-vehicle-before-driving-1024x460.jpg 1024w, http:\/\/lkozlowski.pl\/wp-content\/uploads\/2021\/05\/truck-driver-inspecting-truck-long-vehicle-before-driving-768x345.jpg 768w, http:\/\/lkozlowski.pl\/wp-content\/uploads\/2021\/05\/truck-driver-inspecting-truck-long-vehicle-before-driving-2048x919.jpg 2048w\" sizes=\"auto, (max-width: 1536px) 100vw, 1536px\" \/><\/a>\n\t\t\t<\/div>\n\t\t\t\t<figcaption class='wp-caption-text gallery-caption' id='gallery-1-105'>\n\t\t\t\tTruck driver inspecting truck long vehicle before driving.\n\t\t\t\t<\/figcaption><\/figure>\n\t\t<\/div>\n\t\t<\/div>\n\t\t\t\t<\/div>\n\t\t\t\t<\/div>\n\t\t\t\t\t<\/div>\n\t\t<\/div>\n\t\t\t\t\t\t\t<\/div>\n\t\t<\/section>\n\t\t\t\t\t\t<\/div>\n\t\t\t\t\t<\/div>\n\t\t","protected":false},"excerpt":{"rendered":"<p>GALERIA ZDJ\u0118\u0106 Nowy slajd Testowy tytu\u0142 slidera 3D Render of Man Driving Fork Lift Truck Isolated on White Truck vehicle with trailers in background. Truck vehicle with trailers in background. &#8230;<\/p>\n","protected":false},"author":1,"featured_media":0,"parent":0,"menu_order":0,"comment_status":"closed","ping_status":"closed","template":"","meta":{"footnotes":""},"class_list":["post-99","page","type-page","status-publish","hentry"],"_links":{"self":[{"href":"http:\/\/lkozlowski.pl\/index.php\/wp-json\/wp\/v2\/pages\/99","targetHints":{"allow":["GET"]}}],"collection":[{"href":"http:\/\/lkozlowski.pl\/index.php\/wp-json\/wp\/v2\/pages"}],"about":[{"href":"http:\/\/lkozlowski.pl\/index.php\/wp-json\/wp\/v2\/types\/page"}],"author":[{"embeddable":true,"href":"http:\/\/lkozlowski.pl\/index.php\/wp-json\/wp\/v2\/users\/1"}],"replies":[{"embeddable":true,"href":"http:\/\/lkozlowski.pl\/index.php\/wp-json\/wp\/v2\/comments?post=99"}],"version-history":[{"count":8,"href":"http:\/\/lkozlowski.pl\/index.php\/wp-json\/wp\/v2\/pages\/99\/revisions"}],"predecessor-version":[{"id":112,"href":"http:\/\/lkozlowski.pl\/index.php\/wp-json\/wp\/v2\/pages\/99\/revisions\/112"}],"wp:attachment":[{"href":"http:\/\/lkozlowski.pl\/index.php\/wp-json\/wp\/v2\/media?parent=99"}],"curies":[{"name":"wp","href":"https:\/\/api.w.org\/{rel}","templated":true}]}}